{"id":846,"date":"2022-02-18T15:02:39","date_gmt":"2022-02-18T14:02:39","guid":{"rendered":"https:\/\/www.uddm.edu.ne\/?page_id=846"},"modified":"2022-03-14T08:34:50","modified_gmt":"2022-03-14T08:34:50","slug":"dep-dsst","status":"publish","type":"page","link":"https:\/\/www.uddm.edu.ne\/index.php\/fase\/dep-dsst\/","title":{"rendered":"D\u00e9partement des Sciences de Sol et de T\u00e9l\u00e9d\u00e9tection (DSST)"},"content":{"rendered":"<div class=\"su-divider su-divider-style-default\" style=\"margin:10px 0;border-width:0px;border-color:#466711\"><\/div><div class=\"su-row\"><div class=\"su-column su-column-size-2-3\"><div class=\"su-column-inner su-u-clearfix su-u-trim\">\n<p style=\"text-align: justify;\"><span style=\"font-family: arial, helvetica, sans-serif;\"><img decoding=\"async\" class=\"size-medium wp-image-376 aligncenter\" style=\"margin-top: 0px;\" src=\"https:\/\/www.uddm.edu.ne\/wp-content\/uploads\/2022\/03\/uddm-fase-dsst.jpg\" alt=\"\" \/><\/span><em><strong><span style=\"color: #ff0000;\">Br\u00e8ve pr\u00e9sentation du d\u00e9partement<\/span><\/strong><\/em><\/p>\n<div class=\"su-accordion su-u-trim\"><div class=\"su-spoiler su-spoiler-style-default su-spoiler-icon-plus su-spoiler-closed\" data-scroll-offset=\"0\" data-anchor-in-url=\"no\"><div class=\"su-spoiler-title\" tabindex=\"0\" role=\"button\"><span class=\"su-spoiler-icon\"><\/span>Organisation administrative<\/div><div class=\"su-spoiler-content su-u-clearfix su-u-trim\">Hidden content<\/div><\/div> <div class=\"su-spoiler su-spoiler-style-default su-spoiler-icon-plus su-spoiler-closed\" data-scroll-offset=\"0\" data-anchor-in-url=\"no\"><div class=\"su-spoiler-title\" tabindex=\"0\" role=\"button\"><span class=\"su-spoiler-icon\"><\/span>Fili\u00e8res<\/div><div class=\"su-spoiler-content su-u-clearfix su-u-trim\">Hidden content<\/div><\/div><div class=\"su-spoiler su-spoiler-style-default su-spoiler-icon-plus su-spoiler-closed\" data-scroll-offset=\"0\" data-anchor-in-url=\"no\"><div class=\"su-spoiler-title\" tabindex=\"0\" role=\"button\"><span class=\"su-spoiler-icon\"><\/span>Equipe dirigeante<\/div><div class=\"su-spoiler-content su-u-clearfix su-u-trim\">Hidden content<\/div><\/div><\/div><\/div><\/div>\n<div class=\"su-column su-column-size-1-3\"><div class=\"su-column-inner su-u-clearfix su-u-trim\"><div class=\"su-box su-box-style-default sidebar widget-area\" id=\"\" style=\"border-color:#054000;border-radius:5px;\"><div class=\"su-box-title\" style=\"background-color:#387323;color:#FFFFFF;border-top-left-radius:3px;border-top-right-radius:3px\">Laboratoires<\/div><div class=\"su-box-content su-u-clearfix su-u-trim\" style=\"border-bottom-left-radius:3px;border-bottom-right-radius:3px\">Box content<\/div><\/div><div class=\"su-spacer\" style=\"height:20px\"><\/div><div class=\"su-box su-box-style-default sidebar widget-area\" id=\"\" style=\"border-color:#054000;border-radius:5px;\"><div class=\"su-box-title\" style=\"background-color:#387323;color:#FFFFFF;border-top-left-radius:3px;border-top-right-radius:3px\">Activit\u00e9s p\u00e9dag. et de recherches<\/div><div class=\"su-box-content su-u-clearfix su-u-trim\" style=\"border-bottom-left-radius:3px;border-bottom-right-radius:3px\">Box content<\/div><\/div><div class=\"su-spacer\" style=\"height:20px\"><\/div><div class=\"su-box su-box-style-default sidebar widget-area\" id=\"\" style=\"border-color:#054000;border-radius:5px;\"><div class=\"su-box-title\" style=\"background-color:#387323;color:#FFFFFF;border-top-left-radius:3px;border-top-right-radius:3px\">Les actualit\u00e9s<\/div><div class=\"su-box-content su-u-clearfix su-u-trim\" style=\"border-bottom-left-radius:3px;border-bottom-right-radius:3px\">Box content<\/div><\/div><div class=\"su-spacer\" style=\"height:20px\"><\/div><div class=\"su-box su-box-style-default sidebar widget-area\" id=\"\" style=\"border-color:#054000;border-radius:5px;\"><div class=\"su-box-title\" style=\"background-color:#387323;color:#FFFFFF;border-top-left-radius:3px;border-top-right-radius:3px\">Contacts<\/div><div class=\"su-box-content su-u-clearfix su-u-trim\" style=\"border-bottom-left-radius:3px;border-bottom-right-radius:3px\">Box content<\/div><\/div><\/div><\/div><\/div>\n","protected":false},"excerpt":{"rendered":"","protected":false},"author":1,"featured_media":0,"parent":484,"menu_order":0,"comment_status":"closed","ping_status":"closed","template":"page-fullwidth.php","meta":{"footnotes":""},"class_list":["post-846","page","type-page","status-publish","hentry"],"_links":{"self":[{"href":"https:\/\/www.uddm.edu.ne\/index.php\/wp-json\/wp\/v2\/pages\/846","targetHints":{"allow":["GET"]}}],"collection":[{"href":"https:\/\/www.uddm.edu.ne\/index.php\/wp-json\/wp\/v2\/pages"}],"about":[{"href":"https:\/\/www.uddm.edu.ne\/index.php\/wp-json\/wp\/v2\/types\/page"}],"author":[{"embeddable":true,"href":"https:\/\/www.uddm.edu.ne\/index.php\/wp-json\/wp\/v2\/users\/1"}],"replies":[{"embeddable":true,"href":"https:\/\/www.uddm.edu.ne\/index.php\/wp-json\/wp\/v2\/comments?post=846"}],"version-history":[{"count":1,"href":"https:\/\/www.uddm.edu.ne\/index.php\/wp-json\/wp\/v2\/pages\/846\/revisions"}],"predecessor-version":[{"id":1197,"href":"https:\/\/www.uddm.edu.ne\/index.php\/wp-json\/wp\/v2\/pages\/846\/revisions\/1197"}],"up":[{"embeddable":true,"href":"https:\/\/www.uddm.edu.ne\/index.php\/wp-json\/wp\/v2\/pages\/484"}],"wp:attachment":[{"href":"https:\/\/www.uddm.edu.ne\/index.php\/wp-json\/wp\/v2\/media?parent=846"}],"curies":[{"name":"wp","href":"https:\/\/api.w.org\/{rel}","templated":true}]}}