{"id":409,"date":"2022-01-29T10:11:14","date_gmt":"2022-01-29T09:11:14","guid":{"rendered":"https:\/\/www.uddm.edu.ne\/?page_id=409"},"modified":"2022-03-15T16:30:01","modified_gmt":"2022-03-15T16:30:01","slug":"ent","status":"publish","type":"page","link":"https:\/\/www.uddm.edu.ne\/index.php\/ent\/","title":{"rendered":"ENT"},"content":{"rendered":"<p style=\"text-align: center;\" align=\"center\"><span class=\"Style3\" style=\"font-size: 14pt;\">R\u00e9publique du Niger<\/span><\/p>\n<p style=\"text-align: center;\"><em><span style=\"font-size: 8pt;\">Fraternit\u00e9 \u2013 Travail \u2013Progr\u00e8s<\/span><\/em><br \/>\n&#8212;&#8212;&#8212;&#8212;&#8212;&#8212;&#8212;&#8212;&#8212;&#8212;&#8212;&#8212;&#8212;&#8212;<br \/>\n<span class=\"Style1\">Minist\u00e8re de l&rsquo;Enseignement Sup\u00e9rieur et de la Recherche<\/span><br \/>\n&#8212;&#8212;&#8212;&#8212;&#8212;&#8212;&#8212;&#8212;&#8212;&#8212;&#8212;&#8212;&#8212;&#8212;<\/p>\n<p style=\"text-align: center;\" align=\"center\"><span style=\"color: #008000;\"><strong>Universit\u00e9 Dan Dicko Dankoulodo de Maradi<\/strong><\/span><br \/>\n<span style=\"color: #008000;\"><strong>(UDDM)<\/strong><\/span><\/p>\n<p style=\"text-align: center;\" align=\"center\"><img loading=\"lazy\" decoding=\"async\" class=\"alignnone wp-image-43\" style=\"width: 100px!important;\" src=\"https:\/\/www.uddm.edu.ne\/wp-content\/uploads\/2022\/03\/Logo-UDDM.png\" alt=\"\" width=\"100\" height=\"110\" srcset=\"https:\/\/www.uddm.edu.ne\/wp-content\/uploads\/2022\/03\/Logo-UDDM.png 720w, https:\/\/www.uddm.edu.ne\/wp-content\/uploads\/2022\/03\/Logo-UDDM-270x300.png 270w\" sizes=\"auto, (max-width: 100px) 100vw, 100px\" \/><\/p>\n<p style=\"text-align: center;\" align=\"center\">Bienvenue sur<span style=\"color: #008000;\"><strong> <span class=\"Style4\">www.uddm.edu.ne<\/span><\/strong><\/span><br \/>\n<span style=\"font-size: 22pt;\">Page en construction!<\/span><\/p>\n<p style=\"text-align: center;\" align=\"center\">Welcome to <span style=\"color: #008000;\"><strong><span class=\"Style4\">www.uddm.edu.ne<\/span><\/strong><\/span><br \/>\n<span style=\"font-size: 14pt;\">Coming soon!<\/span><\/p>\n<p style=\"text-align: center;\" align=\"center\"><strong><u>Nos contacts:<\/u><\/strong><br \/>\nEmail: <strong>contact@uddm.edu.ne<\/strong><br \/>\nT\u00e9l : <strong>00227 20 41 01 32<\/strong> &#8211; Fax : <strong>00227 20 41 01 33<\/strong><br \/>\nBP : <strong>465 Maradi &#8211; Niger<\/strong><br \/>\n<strong>UDDM<\/strong> est situ\u00e9 au quartier <strong>Ali Dan Sofo Avenue MOHAMED VI<\/strong>.<\/p>\n","protected":false},"excerpt":{"rendered":"<p>R\u00e9publique du Niger Fraternit\u00e9 \u2013 Travail \u2013Progr\u00e8s &#8212;&#8212;&#8212;&#8212;&#8212;&#8212;&#8212;&#8212;&#8212;&#8212;&#8212;&#8212;&#8212;&#8212; Minist\u00e8re de l&rsquo;Enseignement Sup\u00e9rieur et de la Recherche &#8212;&#8212;&#8212;&#8212;&#8212;&#8212;&#8212;&#8212;&#8212;&#8212;&#8212;&#8212;&#8212;&#8212; Universit\u00e9 Dan Dicko <a class=\"more-link\" href=\"https:\/\/www.uddm.edu.ne\/index.php\/ent\/\">Lire la suite&#8230; <span class=\"screen-reader-text\">  ENT<\/span><span class=\"meta-nav\">&rarr;<\/span><\/a><\/p>\n","protected":false},"author":1,"featured_media":0,"parent":0,"menu_order":0,"comment_status":"closed","ping_status":"closed","template":"page-fullwidth.php","meta":{"footnotes":""},"class_list":["post-409","page","type-page","status-publish","hentry"],"_links":{"self":[{"href":"https:\/\/www.uddm.edu.ne\/index.php\/wp-json\/wp\/v2\/pages\/409","targetHints":{"allow":["GET"]}}],"collection":[{"href":"https:\/\/www.uddm.edu.ne\/index.php\/wp-json\/wp\/v2\/pages"}],"about":[{"href":"https:\/\/www.uddm.edu.ne\/index.php\/wp-json\/wp\/v2\/types\/page"}],"author":[{"embeddable":true,"href":"https:\/\/www.uddm.edu.ne\/index.php\/wp-json\/wp\/v2\/users\/1"}],"replies":[{"embeddable":true,"href":"https:\/\/www.uddm.edu.ne\/index.php\/wp-json\/wp\/v2\/comments?post=409"}],"version-history":[{"count":5,"href":"https:\/\/www.uddm.edu.ne\/index.php\/wp-json\/wp\/v2\/pages\/409\/revisions"}],"predecessor-version":[{"id":1277,"href":"https:\/\/www.uddm.edu.ne\/index.php\/wp-json\/wp\/v2\/pages\/409\/revisions\/1277"}],"wp:attachment":[{"href":"https:\/\/www.uddm.edu.ne\/index.php\/wp-json\/wp\/v2\/media?parent=409"}],"curies":[{"name":"wp","href":"https:\/\/api.w.org\/{rel}","templated":true}]}}