{"id":1434,"date":"2022-03-24T08:48:16","date_gmt":"2022-03-24T08:48:16","guid":{"rendered":"https:\/\/www.uddm.edu.ne\/?page_id=1434"},"modified":"2022-03-24T10:03:15","modified_gmt":"2022-03-24T10:03:15","slug":"annulation-dinscription","status":"publish","type":"page","link":"https:\/\/www.uddm.edu.ne\/index.php\/annulation-dinscription\/","title":{"rendered":"Annulation d&rsquo;inscription"},"content":{"rendered":"<p style=\"text-align: justify;\">L\u2019\u00e9tudiant r\u00e9guli\u00e8rement inscrit \u00e0 l\u2019Universit\u00e9 Dan Dicko Dankoulodo de Maradi peut formuler une demande d\u2019annulation avant la tenue de leur premi\u00e8re \u00e9valuation.<\/p>\n<p style=\"text-align: justify;\">Le dossier doit comporter les pi\u00e8ces suivantes :<\/p>\n<ul>\n<li style=\"text-align: justify;\">Une demande manuscrite adress\u00e9e au Recteur ;<\/li>\n<li style=\"text-align: justify;\">La carte d\u2019\u00e9tudiant ;<\/li>\n<li style=\"text-align: justify;\">Le re\u00e7u d&rsquo;inscription.<\/li>\n<\/ul>\n","protected":false},"excerpt":{"rendered":"<p>L\u2019\u00e9tudiant r\u00e9guli\u00e8rement inscrit \u00e0 l\u2019Universit\u00e9 Dan Dicko Dankoulodo de Maradi peut formuler une demande d\u2019annulation avant la tenue de leur <a class=\"more-link\" href=\"https:\/\/www.uddm.edu.ne\/index.php\/annulation-dinscription\/\">Lire la suite&#8230; <span class=\"screen-reader-text\">  Annulation d&rsquo;inscription<\/span><span class=\"meta-nav\">&rarr;<\/span><\/a><\/p>\n","protected":false},"author":1,"featured_media":0,"parent":0,"menu_order":0,"comment_status":"closed","ping_status":"closed","template":"","meta":{"footnotes":""},"class_list":["post-1434","page","type-page","status-publish","hentry"],"_links":{"self":[{"href":"https:\/\/www.uddm.edu.ne\/index.php\/wp-json\/wp\/v2\/pages\/1434","targetHints":{"allow":["GET"]}}],"collection":[{"href":"https:\/\/www.uddm.edu.ne\/index.php\/wp-json\/wp\/v2\/pages"}],"about":[{"href":"https:\/\/www.uddm.edu.ne\/index.php\/wp-json\/wp\/v2\/types\/page"}],"author":[{"embeddable":true,"href":"https:\/\/www.uddm.edu.ne\/index.php\/wp-json\/wp\/v2\/users\/1"}],"replies":[{"embeddable":true,"href":"https:\/\/www.uddm.edu.ne\/index.php\/wp-json\/wp\/v2\/comments?post=1434"}],"version-history":[{"count":4,"href":"https:\/\/www.uddm.edu.ne\/index.php\/wp-json\/wp\/v2\/pages\/1434\/revisions"}],"predecessor-version":[{"id":1445,"href":"https:\/\/www.uddm.edu.ne\/index.php\/wp-json\/wp\/v2\/pages\/1434\/revisions\/1445"}],"wp:attachment":[{"href":"https:\/\/www.uddm.edu.ne\/index.php\/wp-json\/wp\/v2\/media?parent=1434"}],"curies":[{"name":"wp","href":"https:\/\/api.w.org\/{rel}","templated":true}]}}